{"id":7665,"date":"2024-08-29T20:53:11","date_gmt":"2024-08-29T20:53:11","guid":{"rendered":"https:\/\/crl.smartdigital.lv\/%d0%be-coral\/"},"modified":"2025-11-03T23:37:35","modified_gmt":"2025-11-03T23:37:35","slug":"%d0%be-coral","status":"publish","type":"page","link":"https:\/\/crl.lv\/ru\/%d0%be-coral\/","title":{"rendered":"\u041e Coral"},"content":{"rendered":"\n<div class=\"wp-block-cover alignfull\" style=\"margin-top:0;padding-top:var(--wp--preset--spacing--80);padding-bottom:var(--wp--preset--spacing--80)\"><img fetchpriority=\"high\" decoding=\"async\" width=\"1920\" height=\"620\" class=\"wp-block-cover__image-background wp-image-696\" alt=\"\" src=\"http:\/\/crl.smartdigital.lv\/wp-content\/uploads\/2024\/08\/hero-image.jpg\" data-object-fit=\"cover\" srcset=\"https:\/\/crl.lv\/wp-content\/uploads\/2024\/08\/hero-image.jpg 1920w, https:\/\/crl.lv\/wp-content\/uploads\/2024\/08\/hero-image-300x97.jpg 300w, https:\/\/crl.lv\/wp-content\/uploads\/2024\/08\/hero-image-1024x331.jpg 1024w, https:\/\/crl.lv\/wp-content\/uploads\/2024\/08\/hero-image-768x248.jpg 768w, https:\/\/crl.lv\/wp-content\/uploads\/2024\/08\/hero-image-1536x496.jpg 1536w\" sizes=\"(max-width: 1920px) 100vw, 1920px\" \/><span aria-hidden=\"true\" class=\"wp-block-cover__background has-black-background-color has-background-dim-30 has-background-dim\"><\/span><div class=\"wp-block-cover__inner-container is-layout-constrained wp-container-core-cover-is-layout-b11c7106 wp-block-cover-is-layout-constrained\">\n<div style=\"height:150px\" aria-hidden=\"true\" class=\"wp-block-spacer\"><\/div>\n\n\n\n<h2 class=\"wp-block-heading has-text-align-center has-white-color has-text-color has-link-color has-x-large-font-size wp-elements-e92c808eb59f16cc0f793565e43e39ec\"><strong>\u041e \u0434\u0430\u0439\u0432\u0438\u043d\u0433-\u0446\u0435\u043d\u0442\u0440\u0435 Coral LatviaPar Coral daivinga centru<\/strong><\/h2>\n<\/div><\/div>\n\n<div class=\"wp-block-columns is-layout-flex wp-container-core-columns-is-layout-5450a41c wp-block-columns-is-layout-flex\" style=\"padding-top:var(--wp--preset--spacing--50);padding-right:10vw;padding-bottom:var(--wp--preset--spacing--50);padding-left:10vw\">\n<div class=\"wp-block-column is-layout-flow wp-block-column-is-layout-flow\" style=\"flex-basis:90%\">\n<p>\u0415\u0441\u043b\u0438 \u0445\u043e\u0447\u0435\u0448\u044c \u043e\u0449\u0443\u0442\u0438\u0442\u044c \u0433\u0430\u0440\u043c\u043e\u043d\u0438\u044e \u0441 \u043f\u0440\u0438\u0440\u043e\u0434\u043e\u0439 \u0438 \u043e\u0442\u043a\u0440\u044b\u0442\u044c \u0434\u043b\u044f \u0441\u0435\u0431\u044f \u043d\u0435\u0437\u0430\u0431\u044b\u0432\u0430\u0435\u043c\u044b\u0439 \u043f\u043e\u0434\u0432\u043e\u0434\u043d\u044b\u0439 \u043c\u0438\u0440 \u2014 \u0441\u0434\u0435\u043b\u0430\u0439 \u0432\u0441\u0435\u0433\u043e \u043e\u0434\u0438\u043d \u0448\u0430\u0433 \u0438 \u043d\u044b\u0440\u043d\u0438!<\/p>\n\n\n\n<h3 class=\"wp-block-heading\">\u041e \u0434\u0430\u0439\u0432\u0438\u043d\u0433-\u0446\u0435\u043d\u0442\u0440\u0435 CORAL LATVIJA<\/h3>\n\n\n\n<figure class=\"wp-block-image alignright size-full is-resized\"><img decoding=\"async\" width=\"815\" height=\"960\" src=\"https:\/\/crl.smartdigital.lv\/wp-content\/uploads\/2025\/07\/coral-nirsanas-kursi-01.jpg\" alt=\"\" class=\"wp-image-6902\" style=\"width:500px\" srcset=\"https:\/\/crl.lv\/wp-content\/uploads\/2025\/07\/coral-nirsanas-kursi-01.jpg 815w, https:\/\/crl.lv\/wp-content\/uploads\/2025\/07\/coral-nirsanas-kursi-01-255x300.jpg 255w, https:\/\/crl.lv\/wp-content\/uploads\/2025\/07\/coral-nirsanas-kursi-01-768x905.jpg 768w\" sizes=\"(max-width: 815px) 100vw, 815px\" \/><\/figure>\n\n\n\n<p>CORAL LATVIJA \u043f\u0440\u0438\u0433\u043b\u0430\u0448\u0430\u0435\u0442 \u043f\u0440\u0438\u0441\u043e\u0435\u0434\u0438\u043d\u0438\u0442\u044c\u0441\u044f \u043a \u0442\u044b\u0441\u044f\u0447\u0430\u043c \u0434\u0430\u0439\u0432\u0435\u0440\u043e\u0432, \u0438\u0441\u0441\u043b\u0435\u0434\u0443\u044e\u0449\u0438\u0445 \u0437\u0430\u0442\u043e\u043d\u0443\u0432\u0448\u0438\u0435 \u043a\u043e\u0440\u0430\u0431\u043b\u0438 \u0411\u0430\u043b\u0442\u0438\u0439\u0441\u043a\u043e\u0433\u043e \u043c\u043e\u0440\u044f, \u044f\u0440\u043a\u0438\u0435 \u0440\u0438\u0444\u044b \u041a\u0440\u0430\u0441\u043d\u043e\u0433\u043e \u043c\u043e\u0440\u044f, \u0433\u043b\u0443\u0431\u0438\u043d\u044b \u0418\u043d\u0434\u0438\u0439\u0441\u043a\u043e\u0433\u043e \u043e\u043a\u0435\u0430\u043d\u0430, \u0421\u0440\u0435\u0434\u0438\u0437\u0435\u043c\u043d\u043e\u043c\u043e\u0440\u044c\u0435 \u0438 \u043c\u043d\u043e\u0436\u0435\u0441\u0442\u0432\u043e \u0434\u0440\u0443\u0433\u0438\u0445 \u0443\u0434\u0438\u0432\u0438\u0442\u0435\u043b\u044c\u043d\u044b\u0445 \u043c\u0435\u0441\u0442. \u041c\u0438\u0440\u043e\u0432\u043e\u0439 \u043e\u043a\u0435\u0430\u043d \u2014 \u0442\u0430\u043a\u0430\u044f \u0436\u0435 \u043d\u0435\u0438\u0437\u0432\u0435\u0434\u0430\u043d\u043d\u0430\u044f \u0442\u0430\u0439\u043d\u0430, \u043a\u0430\u043a \u0438 \u041b\u0443\u043d\u0430. \u0421\u0442\u0430\u043d\u044c \u0442\u0435\u043c, \u043a\u0442\u043e \u043e\u0442\u043a\u0440\u043e\u0435\u0442 \u044d\u0442\u043e\u0442 \u0443\u0434\u0438\u0432\u0438\u0442\u0435\u043b\u044c\u043d\u044b\u0439 \u043c\u0438\u0440, \u0433\u0434\u0435 \u0446\u0430\u0440\u0438\u0442 \u0433\u0430\u0440\u043c\u043e\u043d\u0438\u044f \u0438 \u043f\u043e\u043a\u043e\u0439.<\/p>\n\n\n\n<h3 class=\"wp-block-heading\">\u041e\u0431\u0443\u0447\u0435\u043d\u0438\u0435 \u0434\u0430\u0439\u0432\u0438\u043d\u0433\u0443<\/h3>\n\n\n\n<p>\u041f\u0435\u0440\u0432\u043e\u0435 \u0437\u0430\u043d\u044f\u0442\u0438\u0435 \u0432 \u0431\u0430\u0441\u0441\u0435\u0439\u043d\u0435 \u0441 \u043e\u043f\u044b\u0442\u043d\u044b\u043c \u0438\u043d\u0441\u0442\u0440\u0443\u043a\u0442\u043e\u0440\u043e\u043c \u043f\u043e\u043a\u0430\u0436\u0435\u0442 \u0442\u0435\u0431\u0435 \u2014 \u043d\u044b\u0440\u044f\u0442\u044c \u043d\u0435 \u0442\u0430\u043a \u0441\u043b\u043e\u0436\u043d\u043e, \u043a\u0430\u043a \u043a\u0430\u0436\u0435\u0442\u0441\u044f! \u0412 \u043f\u0440\u043e\u0446\u0435\u0441\u0441\u0435 \u043e\u0431\u0443\u0447\u0435\u043d\u0438\u044f \u0442\u044b \u043f\u043e\u043b\u0443\u0447\u0438\u0448\u044c \u0442\u0435\u043e\u0440\u0435\u0442\u0438\u0447\u0435\u0441\u043a\u0438\u0435 \u0437\u043d\u0430\u043d\u0438\u044f \u0438 \u043f\u0440\u0430\u043a\u0442\u0438\u0447\u0435\u0441\u043a\u0438\u0435 \u043d\u0430\u0432\u044b\u043a\u0438, \u043d\u0435\u043e\u0431\u0445\u043e\u0434\u0438\u043c\u044b\u0435 \u0434\u043b\u044f \u0441\u0430\u043c\u043e\u0441\u0442\u043e\u044f\u0442\u0435\u043b\u044c\u043d\u044b\u0445 \u043f\u043e\u0433\u0440\u0443\u0436\u0435\u043d\u0438\u0439 \u0432 \u043b\u044e\u0431\u043e\u0439 \u0442\u043e\u0447\u043a\u0435 \u043c\u0438\u0440\u0430. \u041f\u043e\u0441\u043b\u0435 \u043a\u0443\u0440\u0441\u0430 \u0442\u044b \u043f\u043e\u043b\u0443\u0447\u0438\u0448\u044c \u043c\u0435\u0436\u0434\u0443\u043d\u0430\u0440\u043e\u0434\u043d\u044b\u0439 \u0441\u0435\u0440\u0442\u0438\u0444\u0438\u043a\u0430\u0442 \u0434\u0430\u0439\u0432\u0435\u0440\u0430, \u043f\u0440\u0438\u0437\u043d\u0430\u043d\u043d\u044b\u0439 \u043f\u043e \u0432\u0441\u0435\u043c\u0443 \u043c\u0438\u0440\u0443. \u041f\u0440\u0438\u0441\u043e\u0435\u0434\u0438\u043d\u044f\u0439\u0441\u044f!<\/p>\n\n\n\n<p>\u0410\u0434\u0440\u0435\u0441 \u0431\u0430\u0441\u0441\u0435\u0439\u043d\u0430: \u0421\u0440\u0435\u0434\u043d\u044f\u044f \u0448\u043a\u043e\u043b\u0430 \u041d\u0430\u0442\u0430\u043b\u0438\u0438 \u0414\u0440\u0430\u0443\u0434\u0437\u0438\u043d\u044c\u0438, \u0441\u043f\u043e\u0440\u0442\u0438\u0432\u043d\u044b\u0439 \u043a\u043e\u043c\u043f\u043b\u0435\u043a\u0441, \u0443\u043b. \u0411\u0440\u0443\u043d\u0438\u043d\u0438\u0435\u043a\u0443 24\u0430, \u0420\u0438\u0433\u0430.<\/p>\n\n\n\n<h3 class=\"wp-block-heading\">\u041e\u0441\u043d\u043e\u0432\u043d\u044b\u0435 \u043d\u0430\u043f\u0440\u0430\u0432\u043b\u0435\u043d\u0438\u044f \u0434\u0435\u044f\u0442\u0435\u043b\u044c\u043d\u043e\u0441\u0442\u0438<\/h3>\n\n\n\n<p>\u041a\u043e\u043c\u043f\u0430\u043d\u0438\u044f SIA CORAL LATVIJA \u0440\u0430\u0431\u043e\u0442\u0430\u0435\u0442 \u0432 \u0442\u0440\u0451\u0445 \u043d\u0430\u043f\u0440\u0430\u0432\u043b\u0435\u043d\u0438\u044f\u0445:<\/p>\n\n\n\n<ul class=\"wp-block-list\">\n<li><strong>\u041e\u0431\u0443\u0447\u0435\u043d\u0438\u0435 \u0434\u0430\u0439\u0432\u0435\u0440\u043e\u0432-\u043b\u044e\u0431\u0438\u0442\u0435\u043b\u0435\u0439 \u0438 \u043f\u0440\u043e\u0444\u0435\u0441\u0441\u0438\u043e\u043d\u0430\u043b\u043e\u0432<\/strong> \u043f\u043e \u043c\u0435\u0436\u0434\u0443\u043d\u0430\u0440\u043e\u0434\u043d\u044b\u043c \u0441\u0438\u0441\u0442\u0435\u043c\u0430\u043c \u0441\u0435\u0440\u0442\u0438\u0444\u0438\u043a\u0430\u0446\u0438\u0438 PADI \u0438 CMAS<\/li>\n\n\n\n<li><strong>\u0422\u0443\u0440\u0438\u0441\u0442\u0438\u0447\u0435\u0441\u043a\u0438\u0435 \u0443\u0441\u043b\u0443\u0433\u0438<\/strong> \u2014 \u043e\u0440\u0433\u0430\u043d\u0438\u0437\u0430\u0446\u0438\u044f \u0438\u043d\u0434\u0438\u0432\u0438\u0434\u0443\u0430\u043b\u044c\u043d\u044b\u0445 \u0438 \u0433\u0440\u0443\u043f\u043f\u043e\u0432\u044b\u0445 \u043f\u043e\u0435\u0437\u0434\u043e\u043a, \u0431\u0440\u043e\u043d\u0438\u0440\u043e\u0432\u0430\u043d\u0438\u0435 \u0431\u0438\u043b\u0435\u0442\u043e\u0432, \u0443\u0441\u043b\u0443\u0433\u0438 \u0433\u0438\u0434\u043e\u0432<\/li>\n\n\n\n<li><strong>\u0424\u0438\u043d\u0430\u043d\u0441\u043e\u0432\u044b\u0435 \u043a\u043e\u043d\u0441\u0443\u043b\u044c\u0442\u0430\u0446\u0438\u0438<\/strong> \u2014 \u0431\u0443\u0445\u0433\u0430\u043b\u0442\u0435\u0440\u0441\u043a\u0438\u0435 \u0443\u0441\u043b\u0443\u0433\u0438, \u0433\u043e\u0434\u043e\u0432\u044b\u0435 \u043e\u0442\u0447\u0451\u0442\u044b \u043a\u043e\u043c\u043f\u0430\u043d\u0438\u0439, \u043f\u043e\u0434\u0433\u043e\u0442\u043e\u0432\u043a\u0430 \u0434\u043e\u043a\u0443\u043c\u0435\u043d\u0442\u043e\u0432 \u0434\u043b\u044f \u0430\u0443\u0434\u0438\u0442\u0430 \u0438 \u0434\u0440.<\/li>\n<\/ul>\n\n\n\n<p>\u0413\u043b\u0430\u0432\u043d\u043e\u0435 \u043f\u0440\u0435\u0438\u043c\u0443\u0449\u0435\u0441\u0442\u0432\u043e \u043d\u0430\u0448\u0435\u0439 \u043a\u043e\u043c\u043f\u0430\u043d\u0438\u0438 \u2014 \u043f\u0440\u043e\u0444\u0435\u0441\u0441\u0438\u043e\u043d\u0430\u043b\u0438\u0437\u043c \u0438 \u043c\u043d\u043e\u0433\u043e\u043b\u0435\u0442\u043d\u0438\u0439 \u043e\u043f\u044b\u0442, \u043e\u0431\u0435\u0441\u043f\u0435\u0447\u0438\u0432\u0430\u044e\u0449\u0438\u0435 \u0432\u044b\u0441\u043e\u043a\u0438\u0439 \u0443\u0440\u043e\u0432\u0435\u043d\u044c \u043a\u0430\u0447\u0435\u0441\u0442\u0432\u0430 \u0432\u043e \u0432\u0441\u0435\u0445 \u0441\u0444\u0435\u0440\u0430\u0445 \u0440\u0430\u0431\u043e\u0442\u044b.<\/p>\n\n\n\n<h3 class=\"wp-block-heading\">\u041d\u0430\u0448\u0435 \u0432\u0438\u0434\u0435\u043d\u0438\u0435<\/h3>\n\n\n\n<p>\u0421\u043e\u0437\u0434\u0430\u0432\u0430\u044f \u043a\u043e\u043c\u043f\u0430\u043d\u0438\u044e CORAL LATVIJA, \u0435\u0451 \u043e\u0441\u043d\u043e\u0432\u0430\u0442\u0435\u043b\u0438 \u0441\u0442\u0440\u0435\u043c\u0438\u043b\u0438\u0441\u044c \u043f\u0440\u0435\u0434\u043e\u0441\u0442\u0430\u0432\u043b\u044f\u0442\u044c \u043a\u043b\u0438\u0435\u043d\u0442\u0430\u043c \u0443\u0441\u043b\u0443\u0433\u0438 \u043d\u0430\u0438\u0432\u044b\u0441\u0448\u0435\u0433\u043e \u043a\u0430\u0447\u0435\u0441\u0442\u0432\u0430, \u0440\u0430\u0437\u0432\u0438\u0432\u0430\u044f \u0441\u0432\u043e\u0438 \u043d\u0430\u0432\u044b\u043a\u0438 \u0438 \u043f\u043e\u0441\u0442\u043e\u044f\u043d\u043d\u043e \u0440\u0430\u0441\u0448\u0438\u0440\u044f\u044f \u0441\u043f\u0435\u043a\u0442\u0440 \u043f\u0440\u0435\u0434\u043b\u043e\u0436\u0435\u043d\u0438\u0439.<br\/>\u041d\u0430\u0448\u0430 \u0446\u0435\u043b\u044c \u2014 \u0440\u0430\u0437\u0432\u0438\u0432\u0430\u0442\u044c \u043a\u0443\u043b\u044c\u0442\u0443\u0440\u0443 \u0434\u0430\u0439\u0432\u0438\u043d\u0433\u0430 \u0432 \u041b\u0430\u0442\u0432\u0438\u0438 \u0438 \u0432\u0434\u043e\u0445\u043d\u043e\u0432\u043b\u044f\u0442\u044c \u0432\u0441\u0451 \u0431\u043e\u043b\u044c\u0448\u0435 \u043b\u044e\u0434\u0435\u0439 \u043e\u0442\u043a\u0440\u044b\u0432\u0430\u0442\u044c \u043f\u043e\u0434\u0432\u043e\u0434\u043d\u044b\u0439 \u043c\u0438\u0440.<\/p>\n\n\n\n<h3 class=\"wp-block-heading\">\u041a\u043e\u043c\u0430\u043d\u0434\u0430<\/h3>\n\n\n\n<h4 class=\"wp-block-heading\">\u041b\u0438\u0430\u043d\u0430 \u0414\u0437\u0438\u0440\u043a\u0430\u043b\u0435 \u2013 \u043e\u0441\u043d\u043e\u0432\u0430\u0442\u0435\u043b\u044c Coral Latvia<\/h4>\n\n\n\n<p>\u041b\u0438\u0430\u043d\u0430 \u0440\u0443\u043a\u043e\u0432\u043e\u0434\u0438\u0442 \u0444\u0438\u043d\u0430\u043d\u0441\u043e\u0432\u044b\u043c\u0438 \u0438 \u0431\u0443\u0445\u0433\u0430\u043b\u0442\u0435\u0440\u0441\u043a\u0438\u043c\u0438 \u043f\u0440\u043e\u0446\u0435\u0441\u0441\u0430\u043c\u0438 \u043a\u043e\u043c\u043f\u0430\u043d\u0438\u0438, \u043a\u043e\u043e\u0440\u0434\u0438\u043d\u0438\u0440\u0443\u0435\u0442 \u0440\u0430\u0431\u043e\u0442\u0443 \u0441 \u043a\u043e\u0440\u043f\u043e\u0440\u0430\u0442\u0438\u0432\u043d\u044b\u043c\u0438 \u043a\u043b\u0438\u0435\u043d\u0442\u0430\u043c\u0438, \u0430 \u0442\u0430\u043a\u0436\u0435 \u043e\u0431\u0443\u0447\u0430\u0435\u0442 \u0434\u0430\u0439\u0432\u0435\u0440\u043e\u0432 \u043a\u0430\u043a \u0441\u0435\u0440\u0442\u0438\u0444\u0438\u0446\u0438\u0440\u043e\u0432\u0430\u043d\u043d\u044b\u0439 \u0438\u043d\u0441\u0442\u0440\u0443\u043a\u0442\u043e\u0440 PADI.<br\/> Vi\u0146a ar\u012b nodarbojas ar akvalangistu (nir\u0113ju) apm\u0101c\u012bbu k\u0101 PADI profesion\u0101le.<\/p>\n\n\n\n<p><strong>\u041e\u0431\u0440\u0430\u0437\u043e\u0432\u0430\u043d\u0438\u0435<\/strong>: \u041b\u0430\u0442\u0432\u0438\u0439\u0441\u043a\u0438\u0439 \u0443\u043d\u0438\u0432\u0435\u0440\u0441\u0438\u0442\u0435\u0442, \u0444\u0430\u043a\u0443\u043b\u044c\u0442\u0435\u0442 \u044d\u043a\u043e\u043d\u043e\u043c\u0438\u043a\u0438, \u0438\u043d\u0441\u0442\u0438\u0442\u0443\u0442 \u0431\u0443\u0445\u0433\u0430\u043b\u0442\u0435\u0440\u0441\u043a\u043e\u0433\u043e \u0443\u0447\u0451\u0442\u0430 \u2014 \u0441\u0442\u0435\u043f\u0435\u043d\u044c \u043c\u0430\u0433\u0438\u0441\u0442\u0440\u0430 \u044d\u043a\u043e\u043d\u043e\u043c\u0438\u043a\u0438.<\/p>\n\n\n\n<p><strong>\u0421\u0435\u0440\u0442\u0438\u0444\u0438\u043a\u0430\u0442\u044b:<\/strong><\/p>\n\n\n\n<ul class=\"wp-block-list\">\n<li>\u0421\u0435\u0440\u0442\u0438\u0444\u0438\u043a\u0430\u0442 \u0410\u0441\u0441\u043e\u0446\u0438\u0430\u0446\u0438\u0438 \u0431\u0443\u0445\u0433\u0430\u043b\u0442\u0435\u0440\u043e\u0432 \u041b\u0430\u0442\u0432\u0438\u0439\u0441\u043a\u043e\u0439 \u0420\u0435\u0441\u043f\u0443\u0431\u043b\u0438\u043a\u0438 \u2116309<\/li>\n\n\n\n<li>\u0421\u0435\u0440\u0442\u0438\u0444\u0438\u043a\u0430\u0442\u044b IAB (International Association of Book-Keepers) \u0432 \u043e\u0431\u043b\u0430\u0441\u0442\u0438 \u0431\u0443\u0445\u0433\u0430\u043b\u0442\u0435\u0440\u0441\u043a\u043e\u0433\u043e \u0443\u0447\u0451\u0442\u0430<\/li>\n\n\n\n<li>PADI OWSI (Open Water Scuba Instructor) \u0438 Master Scuba Diver Trainer #648666<\/li>\n<\/ul>\n\n\n\n<p><strong>\u0421\u043f\u0435\u0446\u0438\u0430\u043b\u0438\u0437\u0430\u0446\u0438\u044f:<\/strong><\/p>\n\n\n\n<ul class=\"wp-block-list\">\n<li>Deep, Dry Suit, Wreck, Enriched Air Instructor<\/li>\n\n\n\n<li>Ice, Night, Search and Recovery Instructor<\/li>\n\n\n\n<li>Equipment Specialist<\/li>\n\n\n\n<li>Emergency First Response Instructor<\/li>\n\n\n\n<li>Self-Reliant Diver Instructor<\/li>\n<\/ul>\n\n\n\n<p>\u041c\u044b \u0433\u043e\u0440\u0434\u0438\u043c\u0441\u044f \u043e\u043f\u044b\u0442\u043e\u043c \u0438 \u043f\u0440\u043e\u0444\u0435\u0441\u0441\u0438\u043e\u043d\u0430\u043b\u0438\u0437\u043c\u043e\u043c \u043d\u0430\u0448\u0435\u0439 \u043a\u043e\u043c\u0430\u043d\u0434\u044b, \u043a\u043e\u0442\u043e\u0440\u044b\u0435 \u0433\u0430\u0440\u0430\u043d\u0442\u0438\u0440\u0443\u044e\u0442 \u0432\u044b\u0441\u043e\u043a\u043e\u0435 \u043a\u0430\u0447\u0435\u0441\u0442\u0432\u043e \u043e\u0431\u0443\u0447\u0435\u043d\u0438\u044f \u0438 \u0441\u0435\u0440\u0432\u0438\u0441\u0430. \u041f\u0440\u0438\u0441\u043e\u0435\u0434\u0438\u043d\u044f\u0439\u0441\u044f \u043a CORAL LATVIJA \u0438 \u043e\u0442\u043a\u0440\u043e\u0439 \u0434\u043b\u044f \u0441\u0435\u0431\u044f \u043d\u043e\u0432\u044b\u0439 \u043f\u043e\u0434\u0432\u043e\u0434\u043d\u044b\u0439 \u043c\u0438\u0440!<\/p>\n\n\n\n<figure class=\"wp-block-image size-full\"><img decoding=\"async\" width=\"960\" height=\"432\" src=\"https:\/\/crl.smartdigital.lv\/wp-content\/uploads\/2025\/07\/coral-nirsanas-kursi-02.jpg\" alt=\"Coral Latvija nir&#x161;anas apm&#x101;c&#x12B;bas un ce&#x13C;ojumi\" class=\"wp-image-6906\" srcset=\"https:\/\/crl.lv\/wp-content\/uploads\/2025\/07\/coral-nirsanas-kursi-02.jpg 960w, https:\/\/crl.lv\/wp-content\/uploads\/2025\/07\/coral-nirsanas-kursi-02-300x135.jpg 300w, https:\/\/crl.lv\/wp-content\/uploads\/2025\/07\/coral-nirsanas-kursi-02-768x346.jpg 768w\" sizes=\"(max-width: 960px) 100vw, 960px\" \/><\/figure>\n<\/div>\n<\/div>\n\n<div class=\"wp-block-columns is-layout-flex wp-container-core-columns-is-layout-28f84493 wp-block-columns-is-layout-flex\">\n<div class=\"wp-block-column is-layout-flow wp-block-column-is-layout-flow\" style=\"flex-basis:10%\"><\/div>\n\n\n\n<div class=\"wp-block-column is-layout-flow wp-block-column-is-layout-flow\" style=\"flex-basis:90%\"><\/div>\n\n\n\n<div class=\"wp-block-column is-layout-flow wp-block-column-is-layout-flow\" style=\"flex-basis:10%\"><\/div>\n<\/div>\n","protected":false},"excerpt":{"rendered":"<p>\u0415\u0441\u043b\u0438 \u0445\u043e\u0447\u0435\u0448\u044c \u043e\u0449\u0443\u0442\u0438\u0442\u044c \u0433\u0430\u0440\u043c\u043e\u043d\u0438\u044e \u0441 \u043f\u0440\u0438\u0440\u043e\u0434\u043e\u0439 \u0438 \u043e\u0442\u043a\u0440\u044b\u0442\u044c \u0434\u043b\u044f \u0441\u0435\u0431\u044f \u043d\u0435\u0437\u0430\u0431\u044b\u0432\u0430\u0435\u043c\u044b\u0439 \u043f\u043e\u0434\u0432\u043e\u0434\u043d\u044b\u0439 \u043c\u0438\u0440 \u2014 \u0441\u0434\u0435\u043b\u0430\u0439 \u0432\u0441\u0435\u0433\u043e \u043e\u0434\u0438\u043d \u0448\u0430\u0433 \u0438 \u043d\u044b\u0440\u043d\u0438! \u041e \u0434\u0430\u0439\u0432\u0438\u043d\u0433-\u0446\u0435\u043d\u0442\u0440\u0435 CORAL LATVIJA CORAL LATVIJA \u043f\u0440\u0438\u0433\u043b\u0430\u0448\u0430\u0435\u0442 \u043f\u0440\u0438\u0441\u043e\u0435\u0434\u0438\u043d\u0438\u0442\u044c\u0441\u044f \u043a \u0442\u044b\u0441\u044f\u0447\u0430\u043c \u0434\u0430\u0439\u0432\u0435\u0440\u043e\u0432, \u0438\u0441\u0441\u043b\u0435\u0434\u0443\u044e\u0449\u0438\u0445 \u0437\u0430\u0442\u043e\u043d\u0443\u0432\u0448\u0438\u0435 \u043a\u043e\u0440\u0430\u0431\u043b\u0438 \u0411\u0430\u043b\u0442\u0438\u0439\u0441\u043a\u043e\u0433\u043e \u043c\u043e\u0440\u044f, \u044f\u0440\u043a\u0438\u0435 \u0440\u0438\u0444\u044b \u041a\u0440\u0430\u0441\u043d\u043e\u0433\u043e \u043c\u043e\u0440\u044f, \u0433\u043b\u0443\u0431\u0438\u043d\u044b \u0418\u043d\u0434\u0438\u0439\u0441\u043a\u043e\u0433\u043e \u043e\u043a\u0435\u0430\u043d\u0430, \u0421\u0440\u0435\u0434\u0438\u0437\u0435\u043c\u043d\u043e\u043c\u043e\u0440\u044c\u0435 \u0438 \u043c\u043d\u043e\u0436\u0435\u0441\u0442\u0432\u043e \u0434\u0440\u0443\u0433\u0438\u0445 \u0443\u0434\u0438\u0432\u0438\u0442\u0435\u043b\u044c\u043d\u044b\u0445 \u043c\u0435\u0441\u0442. \u041c\u0438\u0440\u043e\u0432\u043e\u0439 \u043e\u043a\u0435\u0430\u043d \u2014 \u0442\u0430\u043a\u0430\u044f \u0436\u0435 \u043d\u0435\u0438\u0437\u0432\u0435\u0434\u0430\u043d\u043d\u0430\u044f [&hellip;]<\/p>\n","protected":false},"author":1,"featured_media":0,"parent":0,"menu_order":0,"comment_status":"closed","ping_status":"closed","template":"elementor_header_footer","meta":{"ngg_post_thumbnail":0,"footnotes":""},"class_list":["post-7665","page","type-page","status-publish","hentry"],"blocksy_meta":[],"_links":{"self":[{"href":"https:\/\/crl.lv\/ru\/wp-json\/wp\/v2\/pages\/7665","targetHints":{"allow":["GET"]}}],"collection":[{"href":"https:\/\/crl.lv\/ru\/wp-json\/wp\/v2\/pages"}],"about":[{"href":"https:\/\/crl.lv\/ru\/wp-json\/wp\/v2\/types\/page"}],"author":[{"embeddable":true,"href":"https:\/\/crl.lv\/ru\/wp-json\/wp\/v2\/users\/1"}],"replies":[{"embeddable":true,"href":"https:\/\/crl.lv\/ru\/wp-json\/wp\/v2\/comments?post=7665"}],"version-history":[{"count":1,"href":"https:\/\/crl.lv\/ru\/wp-json\/wp\/v2\/pages\/7665\/revisions"}],"predecessor-version":[{"id":7666,"href":"https:\/\/crl.lv\/ru\/wp-json\/wp\/v2\/pages\/7665\/revisions\/7666"}],"wp:attachment":[{"href":"https:\/\/crl.lv\/ru\/wp-json\/wp\/v2\/media?parent=7665"}],"curies":[{"name":"wp","href":"https:\/\/api.w.org\/{rel}","templated":true}]}}