{"id":7545,"date":"2024-08-24T18:08:18","date_gmt":"2024-08-24T18:08:18","guid":{"rendered":"https:\/\/crl.smartdigital.lv\/news\/"},"modified":"2025-10-12T21:46:20","modified_gmt":"2025-10-12T21:46:20","slug":"news","status":"publish","type":"page","link":"https:\/\/crl.lv\/en\/news\/","title":{"rendered":"News"},"content":{"rendered":"\n<div class=\"wp-block-cover alignfull\" style=\"margin-top:0;padding-top:var(--wp--preset--spacing--80);padding-bottom:var(--wp--preset--spacing--80)\"><span aria-hidden=\"true\" class=\"wp-block-cover__background has-black-background-color has-background-dim-30 has-background-dim\"><\/span><img fetchpriority=\"high\" decoding=\"async\" width=\"1920\" height=\"620\" class=\"wp-block-cover__image-background wp-image-696\" alt=\"\" src=\"http:\/\/crl.smartdigital.lv\/wp-content\/uploads\/2024\/08\/hero-image.jpg\" data-object-fit=\"cover\" srcset=\"https:\/\/crl.lv\/wp-content\/uploads\/2024\/08\/hero-image.jpg 1920w, https:\/\/crl.lv\/wp-content\/uploads\/2024\/08\/hero-image-300x97.jpg 300w, https:\/\/crl.lv\/wp-content\/uploads\/2024\/08\/hero-image-1024x331.jpg 1024w, https:\/\/crl.lv\/wp-content\/uploads\/2024\/08\/hero-image-768x248.jpg 768w, https:\/\/crl.lv\/wp-content\/uploads\/2024\/08\/hero-image-1536x496.jpg 1536w\" sizes=\"(max-width: 1920px) 100vw, 1920px\" \/><div class=\"wp-block-cover__inner-container is-layout-constrained wp-container-core-cover-is-layout-b11c7106 wp-block-cover-is-layout-constrained\">\n<div style=\"height:150px\" aria-hidden=\"true\" class=\"wp-block-spacer\"><\/div>\n\n\n\n<p class=\"has-text-align-center has-x-large-font-size\" style=\"line-height:1.3\">News<\/p>\n<\/div><\/div>\n\n<div data-id=\"25b85bda\" class=\"wp-block-blocksy-query\" style=\"padding-top:5vw;padding-right:10vw;padding-bottom:5vw;padding-left:10vw\"><div class=\"ct-query-template-grid\"><article class=\"wp-block-post is-layout-flow post-7547 post type-post status-publish format-standard has-post-thumbnail hentry category-uncategorized\">\n\n<div class=\"wp-block-group is-vertical is-content-justification-left is-layout-flex wp-container-core-group-is-layout-2290e706 wp-block-group-is-layout-flex\" style=\"min-height:100%\"><a style=\"margin-bottom:0;\" class=\"ct-dynamic-media wp-elements-b52a096a9fe031b33b4d4e365b0d6919\" aria-label=\"Sunny Egypt and Diving\" href=\"https:\/\/crl.lv\/en\/sunny-egypt-and-diving\/\"><img decoding=\"async\" width=\"1024\" height=\"576\" src=\"https:\/\/crl.lv\/wp-content\/uploads\/2025\/07\/SAFIR-DAHAB-1.png\" class=\"attachment-full size-full\" alt=\"\" style=\"width:100%;height:100%;object-fit: cover;aspect-ratio: 3\/2;\" srcset=\"https:\/\/crl.lv\/wp-content\/uploads\/2025\/07\/SAFIR-DAHAB-1.png 1024w, https:\/\/crl.lv\/wp-content\/uploads\/2025\/07\/SAFIR-DAHAB-1-300x169.png 300w, https:\/\/crl.lv\/wp-content\/uploads\/2025\/07\/SAFIR-DAHAB-1-768x432.png 768w\" sizes=\"(max-width: 1024px) 100vw, 1024px\" \/><\/a>\n\n\n<div class=\"wp-block-group has-palette-color-8-background-color has-background wp-container-content-9cfa9a5a is-layout-constrained wp-block-group-is-layout-constrained\" style=\"min-height:100%\"><h2 style=\"font-size:clamp(14px, 0.875rem + ((1vw - 3.2px) * 0.313), 18px);\" class=\"ct-dynamic-data wp-elements-217800496679b007b1999694e2a70788\"><a href=\"https:\/\/crl.lv\/en\/sunny-egypt-and-diving\/\">Sunny Egypt and Diving<\/a><\/h2>\n\n<div style=\"font-style:normal;font-weight:500;text-transform:uppercase;\" class=\"ct-dynamic-data wp-elements-f39b58692d225a8bf1b399410a1ae3b1 has-small-font-size\">January 22, 2026<\/div>\n\n<div class=\"ct-dynamic-data wp-elements-75c3acab3cff5557061d009d04e39255\"><p>Join Coral Latvia on a diving trip to Dahab! Coral Latvia Diving Center invites you to join an unforgettable trip\u2026<\/p>\n<\/div><\/div>\n<\/div>\n\n<\/article><article class=\"wp-block-post is-layout-flow post-7738 post type-post status-publish format-standard has-post-thumbnail hentry category-uncategorized\">\n\n<div class=\"wp-block-group is-vertical is-content-justification-left is-layout-flex wp-container-core-group-is-layout-2290e706 wp-block-group-is-layout-flex\" style=\"min-height:100%\"><a style=\"margin-bottom:0;\" class=\"ct-dynamic-media wp-elements-b52a096a9fe031b33b4d4e365b0d6919\" aria-label=\"Diving at Deepspot Pool, Poland\" href=\"https:\/\/crl.lv\/en\/diving-at-deepspot-pool-poland\/\"><img decoding=\"async\" width=\"900\" height=\"400\" src=\"https:\/\/crl.lv\/wp-content\/uploads\/2025\/11\/deepspot-baseins-polija-coral-latvija.jpeg\" class=\"attachment-full size-full\" alt=\"Nir\u0161ana Deepspot basein\u0101, Polij\u0101\" style=\"width:100%;height:100%;object-fit: cover;aspect-ratio: 3\/2;\" srcset=\"https:\/\/crl.lv\/wp-content\/uploads\/2025\/11\/deepspot-baseins-polija-coral-latvija.jpeg 900w, https:\/\/crl.lv\/wp-content\/uploads\/2025\/11\/deepspot-baseins-polija-coral-latvija-300x133.jpeg 300w, https:\/\/crl.lv\/wp-content\/uploads\/2025\/11\/deepspot-baseins-polija-coral-latvija-768x341.jpeg 768w\" sizes=\"(max-width: 900px) 100vw, 900px\" \/><\/a>\n\n\n<div class=\"wp-block-group has-palette-color-8-background-color has-background wp-container-content-9cfa9a5a is-layout-constrained wp-block-group-is-layout-constrained\" style=\"min-height:100%\"><h2 style=\"font-size:clamp(14px, 0.875rem + ((1vw - 3.2px) * 0.313), 18px);\" class=\"ct-dynamic-data wp-elements-217800496679b007b1999694e2a70788\"><a href=\"https:\/\/crl.lv\/en\/diving-at-deepspot-pool-poland\/\">Diving at Deepspot Pool, Poland<\/a><\/h2>\n\n<div style=\"font-style:normal;font-weight:500;text-transform:uppercase;\" class=\"ct-dynamic-data wp-elements-f39b58692d225a8bf1b399410a1ae3b1 has-small-font-size\">January 9, 2026<\/div>\n\n<div class=\"ct-dynamic-data wp-elements-75c3acab3cff5557061d009d04e39255\">In November, trips are planned to Deepspot, one of the world\u2019s deepest pools with a depth of 45.4 meters.<br>Warm water at 32\u201334 \u00b0C provides ideal conditions for training and improving diving skills.<br> <\/div><\/div>\n<\/div>\n\n<\/article><article class=\"wp-block-post is-layout-flow post-7742 post type-post status-publish format-standard has-post-thumbnail hentry category-uncategorized\">\n\n<div class=\"wp-block-group is-vertical is-content-justification-left is-layout-flex wp-container-core-group-is-layout-2290e706 wp-block-group-is-layout-flex\" style=\"min-height:100%\"><a style=\"margin-bottom:0;\" class=\"ct-dynamic-media wp-elements-b52a096a9fe031b33b4d4e365b0d6919\" aria-label=\"August Diving Schedule\" href=\"https:\/\/crl.lv\/en\/august-diving-schedule\/\"><img loading=\"lazy\" decoding=\"async\" width=\"1810\" height=\"2560\" src=\"https:\/\/crl.lv\/wp-content\/uploads\/2025\/11\/NIREJU-KALENDARS-AUGUSTAM-scaled.jpg\" class=\"attachment-full size-full\" alt=\"\" style=\"width:100%;height:100%;object-fit: cover;aspect-ratio: 3\/2;\" srcset=\"https:\/\/crl.lv\/wp-content\/uploads\/2025\/11\/NIREJU-KALENDARS-AUGUSTAM-scaled.jpg 1810w, https:\/\/crl.lv\/wp-content\/uploads\/2025\/11\/NIREJU-KALENDARS-AUGUSTAM-212x300.jpg 212w, https:\/\/crl.lv\/wp-content\/uploads\/2025\/11\/NIREJU-KALENDARS-AUGUSTAM-724x1024.jpg 724w, https:\/\/crl.lv\/wp-content\/uploads\/2025\/11\/NIREJU-KALENDARS-AUGUSTAM-768x1086.jpg 768w, https:\/\/crl.lv\/wp-content\/uploads\/2025\/11\/NIREJU-KALENDARS-AUGUSTAM-1086x1536.jpg 1086w, https:\/\/crl.lv\/wp-content\/uploads\/2025\/11\/NIREJU-KALENDARS-AUGUSTAM-1448x2048.jpg 1448w\" sizes=\"(max-width: 1810px) 100vw, 1810px\" \/><\/a>\n\n\n<div class=\"wp-block-group has-palette-color-8-background-color has-background wp-container-content-9cfa9a5a is-layout-constrained wp-block-group-is-layout-constrained\" style=\"min-height:100%\"><h2 style=\"font-size:clamp(14px, 0.875rem + ((1vw - 3.2px) * 0.313), 18px);\" class=\"ct-dynamic-data wp-elements-217800496679b007b1999694e2a70788\"><a href=\"https:\/\/crl.lv\/en\/august-diving-schedule\/\">August Diving Schedule<\/a><\/h2>\n\n<div style=\"font-style:normal;font-weight:500;text-transform:uppercase;\" class=\"ct-dynamic-data wp-elements-f39b58692d225a8bf1b399410a1ae3b1 has-small-font-size\">July 27, 2025<\/div>\n\n<div class=\"ct-dynamic-data wp-elements-75c3acab3cff5557061d009d04e39255\">August promises a full calendar of diving adventures for both beginners and experienced divers.<br>This month includes diving sessions in Estonia and Lithuania, as well as courses to learn or refresh your skills. Check the dates and choose which event will be your next underwater adventure. <\/div><\/div>\n<\/div>\n\n<\/article><article class=\"wp-block-post is-layout-flow post-7551 post type-post status-publish format-standard has-post-thumbnail hentry category-uncategorized\">\n\n<div class=\"wp-block-group is-vertical is-content-justification-left is-layout-flex wp-container-core-group-is-layout-2290e706 wp-block-group-is-layout-flex\" style=\"min-height:100%\"><a style=\"margin-bottom:0;\" class=\"ct-dynamic-media wp-elements-b52a096a9fe031b33b4d4e365b0d6919\" aria-label=\"Diving in Rummu Quarry, Estonia\" href=\"https:\/\/crl.lv\/en\/diving-in-rummu-quarry-estonia\/\"><img loading=\"lazy\" decoding=\"async\" width=\"960\" height=\"640\" src=\"https:\/\/crl.lv\/wp-content\/uploads\/2025\/07\/nirsana-rummu-karjera-igaunija-coral-latvija.jpg\" class=\"attachment-full size-full\" alt=\"Nir\u0161ana Rummu karjer\u0101 Igaunij\u0101 - Coral Latvija\" style=\"width:100%;height:100%;object-fit: cover;aspect-ratio: 3\/2;\" srcset=\"https:\/\/crl.lv\/wp-content\/uploads\/2025\/07\/nirsana-rummu-karjera-igaunija-coral-latvija.jpg 960w, https:\/\/crl.lv\/wp-content\/uploads\/2025\/07\/nirsana-rummu-karjera-igaunija-coral-latvija-300x200.jpg 300w, https:\/\/crl.lv\/wp-content\/uploads\/2025\/07\/nirsana-rummu-karjera-igaunija-coral-latvija-768x512.jpg 768w\" sizes=\"(max-width: 960px) 100vw, 960px\" \/><\/a>\n\n\n<div class=\"wp-block-group has-palette-color-8-background-color has-background wp-container-content-9cfa9a5a is-layout-constrained wp-block-group-is-layout-constrained\" style=\"min-height:100%\"><h2 style=\"font-size:clamp(14px, 0.875rem + ((1vw - 3.2px) * 0.313), 18px);\" class=\"ct-dynamic-data wp-elements-217800496679b007b1999694e2a70788\"><a href=\"https:\/\/crl.lv\/en\/diving-in-rummu-quarry-estonia\/\">Diving in Rummu Quarry, Estonia<\/a><\/h2>\n\n<div style=\"font-style:normal;font-weight:500;text-transform:uppercase;\" class=\"ct-dynamic-data wp-elements-f39b58692d225a8bf1b399410a1ae3b1 has-small-font-size\">July 4, 2025<\/div>\n\n<div class=\"ct-dynamic-data wp-elements-75c3acab3cff5557061d009d04e39255\"><p>Explore Rummu Quarry with Coral Latvia! Next trip to Rummu: July 19, 2025 Meeting time: 11:30 at Rummu Quarry 3\u2026<\/p>\n<\/div><\/div>\n<\/div>\n\n<\/article><article class=\"wp-block-post is-layout-flow post-7557 post type-post status-publish format-standard has-post-thumbnail hentry category-uncategorized\">\n\n<div class=\"wp-block-group is-vertical is-content-justification-left is-layout-flex wp-container-core-group-is-layout-2290e706 wp-block-group-is-layout-flex\" style=\"min-height:100%\"><a style=\"margin-bottom:0;\" class=\"ct-dynamic-media wp-elements-b52a096a9fe031b33b4d4e365b0d6919\" aria-label=\"Fuvahmulah Island, diving in Maldives\" href=\"https:\/\/crl.lv\/en\/fuvahmulah-island-diving-in-maldives\/\"><img loading=\"lazy\" decoding=\"async\" width=\"900\" height=\"400\" src=\"https:\/\/crl.lv\/wp-content\/uploads\/2025\/07\/fuvahmulah-sala-nirsana-maldivas-2025-coral-latvija.jpeg\" class=\"attachment-full size-full\" alt=\"Fuvahmulah sala, nir\u0161ana Mald\u012bv\u0101s\" style=\"width:100%;height:100%;object-fit: cover;aspect-ratio: 3\/2;\" srcset=\"https:\/\/crl.lv\/wp-content\/uploads\/2025\/07\/fuvahmulah-sala-nirsana-maldivas-2025-coral-latvija.jpeg 900w, https:\/\/crl.lv\/wp-content\/uploads\/2025\/07\/fuvahmulah-sala-nirsana-maldivas-2025-coral-latvija-300x133.jpeg 300w, https:\/\/crl.lv\/wp-content\/uploads\/2025\/07\/fuvahmulah-sala-nirsana-maldivas-2025-coral-latvija-768x341.jpeg 768w\" sizes=\"(max-width: 900px) 100vw, 900px\" \/><\/a>\n\n\n<div class=\"wp-block-group has-palette-color-8-background-color has-background wp-container-content-9cfa9a5a is-layout-constrained wp-block-group-is-layout-constrained\" style=\"min-height:100%\"><h2 style=\"font-size:clamp(14px, 0.875rem + ((1vw - 3.2px) * 0.313), 18px);\" class=\"ct-dynamic-data wp-elements-217800496679b007b1999694e2a70788\"><a href=\"https:\/\/crl.lv\/en\/fuvahmulah-island-diving-in-maldives\/\">Fuvahmulah Island, diving in Maldives<\/a><\/h2>\n\n<div style=\"font-style:normal;font-weight:500;text-transform:uppercase;\" class=\"ct-dynamic-data wp-elements-f39b58692d225a8bf1b399410a1ae3b1 has-small-font-size\">July 1, 2025<\/div>\n\n<div class=\"ct-dynamic-data wp-elements-75c3acab3cff5557061d009d04e39255\">Join a diving trip to Fuvahmulah, Maldives, in November or December 2025 with Coral Latvia. <\/div><\/div>\n<\/div>\n\n<\/article><article class=\"wp-block-post is-layout-flow post-7682 post type-post status-publish format-standard has-post-thumbnail hentry category-uncategorized\">\n\n<div class=\"wp-block-group is-vertical is-content-justification-left is-layout-flex wp-container-core-group-is-layout-2290e706 wp-block-group-is-layout-flex\" style=\"min-height:100%\"><a style=\"margin-bottom:0;\" class=\"ct-dynamic-media wp-elements-b52a096a9fe031b33b4d4e365b0d6919\" aria-label=\"Diving Season Opening 2025\" href=\"https:\/\/crl.lv\/en\/diving-season-opening-2025\/\"><img loading=\"lazy\" decoding=\"async\" width=\"960\" height=\"640\" src=\"https:\/\/crl.lv\/wp-content\/uploads\/2025\/06\/coral-latvija-daivinga-sezonas-atklasana-2025.jpg\" class=\"attachment-full size-full\" alt=\"\" style=\"width:100%;height:100%;object-fit: cover;aspect-ratio: 3\/2;\" srcset=\"https:\/\/crl.lv\/wp-content\/uploads\/2025\/06\/coral-latvija-daivinga-sezonas-atklasana-2025.jpg 960w, https:\/\/crl.lv\/wp-content\/uploads\/2025\/06\/coral-latvija-daivinga-sezonas-atklasana-2025-300x200.jpg 300w, https:\/\/crl.lv\/wp-content\/uploads\/2025\/06\/coral-latvija-daivinga-sezonas-atklasana-2025-768x512.jpg 768w\" sizes=\"(max-width: 960px) 100vw, 960px\" \/><\/a>\n\n\n<div class=\"wp-block-group has-palette-color-8-background-color has-background wp-container-content-9cfa9a5a is-layout-constrained wp-block-group-is-layout-constrained\" style=\"min-height:100%\"><h2 style=\"font-size:clamp(14px, 0.875rem + ((1vw - 3.2px) * 0.313), 18px);\" class=\"ct-dynamic-data wp-elements-217800496679b007b1999694e2a70788\"><a href=\"https:\/\/crl.lv\/en\/diving-season-opening-2025\/\">Diving Season Opening 2025<\/a><\/h2>\n\n<div style=\"font-style:normal;font-weight:500;text-transform:uppercase;\" class=\"ct-dynamic-data wp-elements-f39b58692d225a8bf1b399410a1ae3b1 has-small-font-size\">June 12, 2025<\/div>\n\n<div class=\"ct-dynamic-data wp-elements-75c3acab3cff5557061d009d04e39255\">This Saturday we opened the diving season at Sloka Quarry together with Coral Latvia divers and our friends. See the photo gallery from the season opening! <\/div><\/div>\n<\/div>\n\n<\/article><article class=\"wp-block-post is-layout-flow post-7686 post type-post status-publish format-standard has-post-thumbnail hentry category-uncategorized\">\n\n<div class=\"wp-block-group is-vertical is-content-justification-left is-layout-flex wp-container-core-group-is-layout-2290e706 wp-block-group-is-layout-flex\" style=\"min-height:100%\"><a style=\"margin-bottom:0;\" class=\"ct-dynamic-media wp-elements-b52a096a9fe031b33b4d4e365b0d6919\" aria-label=\"Diving Season Opening 2025\" href=\"https:\/\/crl.lv\/en\/diving-season-opening-2025-2\/\"><img loading=\"lazy\" decoding=\"async\" width=\"900\" height=\"400\" src=\"https:\/\/crl.lv\/wp-content\/uploads\/2025\/07\/coral-latvija-nirsanas-sezonas-atklasana-2025.jpg\" class=\"attachment-full size-full\" alt=\"\" style=\"width:100%;height:100%;object-fit: cover;aspect-ratio: 3\/2;\" srcset=\"https:\/\/crl.lv\/wp-content\/uploads\/2025\/07\/coral-latvija-nirsanas-sezonas-atklasana-2025.jpg 900w, https:\/\/crl.lv\/wp-content\/uploads\/2025\/07\/coral-latvija-nirsanas-sezonas-atklasana-2025-300x133.jpg 300w, https:\/\/crl.lv\/wp-content\/uploads\/2025\/07\/coral-latvija-nirsanas-sezonas-atklasana-2025-768x341.jpg 768w\" sizes=\"(max-width: 900px) 100vw, 900px\" \/><\/a>\n\n\n<div class=\"wp-block-group has-palette-color-8-background-color has-background wp-container-content-9cfa9a5a is-layout-constrained wp-block-group-is-layout-constrained\" style=\"min-height:100%\"><h2 style=\"font-size:clamp(14px, 0.875rem + ((1vw - 3.2px) * 0.313), 18px);\" class=\"ct-dynamic-data wp-elements-217800496679b007b1999694e2a70788\"><a href=\"https:\/\/crl.lv\/en\/diving-season-opening-2025-2\/\">Diving Season Opening 2025<\/a><\/h2>\n\n<div style=\"font-style:normal;font-weight:500;text-transform:uppercase;\" class=\"ct-dynamic-data wp-elements-f39b58692d225a8bf1b399410a1ae3b1 has-small-font-size\">May 12, 2025<\/div>\n\n<div class=\"ct-dynamic-data wp-elements-75c3acab3cff5557061d009d04e39255\">Diving season opening at Sloka Quarry \u2013 May 31, 2025. Arrival time:.   11.00. Equipment rental available. Registration open until May 30. <\/div><\/div>\n<\/div>\n\n<\/article><article class=\"wp-block-post is-layout-flow post-7704 post type-post status-publish format-standard has-post-thumbnail hentry category-jaunumi-ru\">\n\n<div class=\"wp-block-group is-vertical is-content-justification-left is-layout-flex wp-container-core-group-is-layout-2290e706 wp-block-group-is-layout-flex\" style=\"min-height:100%\"><a style=\"margin-bottom:0;\" class=\"ct-dynamic-media wp-elements-b52a096a9fe031b33b4d4e365b0d6919\" aria-label=\"Coral Gift Card \u2013 the perfect present for holidays and special occasions!\" href=\"https:\/\/crl.lv\/en\/coral-gift-card-the-perfect-present-for-holidays-and-special-occasions\/\"><img loading=\"lazy\" decoding=\"async\" width=\"2560\" height=\"1707\" src=\"https:\/\/crl.lv\/wp-content\/uploads\/2025\/07\/coral-latvia-nirsanas-davanu-karte-lg-scaled.jpg\" class=\"attachment-full size-full\" alt=\"\" style=\"width:100%;height:100%;object-fit: cover;aspect-ratio: 3\/2;\" srcset=\"https:\/\/crl.lv\/wp-content\/uploads\/2025\/07\/coral-latvia-nirsanas-davanu-karte-lg-scaled.jpg 2560w, https:\/\/crl.lv\/wp-content\/uploads\/2025\/07\/coral-latvia-nirsanas-davanu-karte-lg-300x200.jpg 300w, https:\/\/crl.lv\/wp-content\/uploads\/2025\/07\/coral-latvia-nirsanas-davanu-karte-lg-1024x683.jpg 1024w, https:\/\/crl.lv\/wp-content\/uploads\/2025\/07\/coral-latvia-nirsanas-davanu-karte-lg-768x512.jpg 768w, https:\/\/crl.lv\/wp-content\/uploads\/2025\/07\/coral-latvia-nirsanas-davanu-karte-lg-1536x1024.jpg 1536w, https:\/\/crl.lv\/wp-content\/uploads\/2025\/07\/coral-latvia-nirsanas-davanu-karte-lg-2048x1365.jpg 2048w\" sizes=\"(max-width: 2560px) 100vw, 2560px\" \/><\/a>\n\n\n<div class=\"wp-block-group has-palette-color-8-background-color has-background wp-container-content-9cfa9a5a is-layout-constrained wp-block-group-is-layout-constrained\" style=\"min-height:100%\"><h2 style=\"font-size:clamp(14px, 0.875rem + ((1vw - 3.2px) * 0.313), 18px);\" class=\"ct-dynamic-data wp-elements-217800496679b007b1999694e2a70788\"><a href=\"https:\/\/crl.lv\/en\/coral-gift-card-the-perfect-present-for-holidays-and-special-occasions\/\">Coral Gift Card \u2013 the perfect present for holidays and special occasions!<\/a><\/h2>\n\n<div style=\"font-style:normal;font-weight:500;text-transform:uppercase;\" class=\"ct-dynamic-data wp-elements-f39b58692d225a8bf1b399410a1ae3b1 has-small-font-size\">December 11, 2024<\/div>\n\n<div class=\"ct-dynamic-data wp-elements-75c3acab3cff5557061d009d04e39255\">Get a Coral gift card for your first underwater experience or your first diver certification!<br>A wonderful surprise for both kids and adults, friends and family. <\/div><\/div>\n<\/div>\n\n<\/article><article class=\"wp-block-post is-layout-flow post-7708 post type-post status-publish format-standard has-post-thumbnail hentry category-uncategorized\">\n\n<div class=\"wp-block-group is-vertical is-content-justification-left is-layout-flex wp-container-core-group-is-layout-2290e706 wp-block-group-is-layout-flex\" style=\"min-height:100%\"><a style=\"margin-bottom:0;\" class=\"ct-dynamic-media wp-elements-b52a096a9fe031b33b4d4e365b0d6919\" aria-label=\"Golden Triangle \u2013 Diving Safari 2024\" href=\"https:\/\/crl.lv\/en\/golden-triangle-diving-safari-2024\/\"><img loading=\"lazy\" decoding=\"async\" width=\"900\" height=\"400\" src=\"https:\/\/crl.lv\/wp-content\/uploads\/2025\/07\/daivings-egipte-zelta-trijsturis-2024.jpg\" class=\"attachment-full size-full\" alt=\"Zelta trijst\u016bris \u0112\u0123ipt\u0113 - Nir\u0161anas safari 2024 kop\u0101 ar Coral Latvija\" style=\"width:100%;height:100%;object-fit: cover;aspect-ratio: 3\/2;\" srcset=\"https:\/\/crl.lv\/wp-content\/uploads\/2025\/07\/daivings-egipte-zelta-trijsturis-2024.jpg 900w, https:\/\/crl.lv\/wp-content\/uploads\/2025\/07\/daivings-egipte-zelta-trijsturis-2024-300x133.jpg 300w, https:\/\/crl.lv\/wp-content\/uploads\/2025\/07\/daivings-egipte-zelta-trijsturis-2024-768x341.jpg 768w\" sizes=\"(max-width: 900px) 100vw, 900px\" \/><\/a>\n\n\n<div class=\"wp-block-group has-palette-color-8-background-color has-background wp-container-content-9cfa9a5a is-layout-constrained wp-block-group-is-layout-constrained\" style=\"min-height:100%\"><h2 style=\"font-size:clamp(14px, 0.875rem + ((1vw - 3.2px) * 0.313), 18px);\" class=\"ct-dynamic-data wp-elements-217800496679b007b1999694e2a70788\"><a href=\"https:\/\/crl.lv\/en\/golden-triangle-diving-safari-2024\/\">Golden Triangle \u2013 Diving Safari 2024<\/a><\/h2>\n\n<div style=\"font-style:normal;font-weight:500;text-transform:uppercase;\" class=\"ct-dynamic-data wp-elements-f39b58692d225a8bf1b399410a1ae3b1 has-small-font-size\">November 29, 2024<\/div>\n\n<div class=\"ct-dynamic-data wp-elements-75c3acab3cff5557061d009d04e39255\">Diving safari in Egypt 2024 together with Coral Latvia divers. The Golden Triangle, reef sharks, dugongs, and up to four dives a day. See how it went in our photo gallery.  <\/div><\/div>\n<\/div>\n\n<\/article><\/div><style>[data-id='25b85bda'] {--grid-columns-width:3;}@media (max-width: 999.98px) {[data-id='25b85bda'] {--grid-columns-width:2;}}@media (max-width: 689.98px) {[data-id='25b85bda'] {--grid-columns-width:1;}}<\/style><\/div>\n","protected":false},"excerpt":{"rendered":"","protected":false},"author":1,"featured_media":0,"parent":0,"menu_order":0,"comment_status":"closed","ping_status":"closed","template":"elementor_header_footer","meta":{"ngg_post_thumbnail":0,"footnotes":""},"class_list":["post-7545","page","type-page","status-publish","hentry"],"blocksy_meta":[],"_links":{"self":[{"href":"https:\/\/crl.lv\/en\/wp-json\/wp\/v2\/pages\/7545","targetHints":{"allow":["GET"]}}],"collection":[{"href":"https:\/\/crl.lv\/en\/wp-json\/wp\/v2\/pages"}],"about":[{"href":"https:\/\/crl.lv\/en\/wp-json\/wp\/v2\/types\/page"}],"author":[{"embeddable":true,"href":"https:\/\/crl.lv\/en\/wp-json\/wp\/v2\/users\/1"}],"replies":[{"embeddable":true,"href":"https:\/\/crl.lv\/en\/wp-json\/wp\/v2\/comments?post=7545"}],"version-history":[{"count":1,"href":"https:\/\/crl.lv\/en\/wp-json\/wp\/v2\/pages\/7545\/revisions"}],"predecessor-version":[{"id":7546,"href":"https:\/\/crl.lv\/en\/wp-json\/wp\/v2\/pages\/7545\/revisions\/7546"}],"wp:attachment":[{"href":"https:\/\/crl.lv\/en\/wp-json\/wp\/v2\/media?parent=7545"}],"curies":[{"name":"wp","href":"https:\/\/api.w.org\/{rel}","templated":true}]}}